{"id":102,"date":"2025-11-13T15:50:17","date_gmt":"2025-11-13T14:50:17","guid":{"rendered":"http:\/\/eartsupp.j-j.fr\/worde\/?page_id=102"},"modified":"2025-11-13T16:01:13","modified_gmt":"2025-11-13T15:01:13","slug":"contact","status":"publish","type":"page","link":"https:\/\/eartsupp.j-j.fr\/worde\/contact\/","title":{"rendered":"contact"},"content":{"rendered":"\n<h2 class=\"wp-block-heading\">CONTACT<\/h2>\n\n\n\n<p>Une question, un conseil, ou simplement envie de nous dire bonjour ?<br>Notre \u00e9quipe est \u00e0 votre \u00e9coute du lundi au vendredi, de 9h \u00e0 17h.<br>Remplissez le formulaire ci-dessous, et nous reviendrons vers vous d\u00e8s que possible.<\/p>\n\n\n\n<div class=\"wpcf7 no-js\" id=\"wpcf7-f105-o1\" lang=\"fr-FR\" dir=\"ltr\" data-wpcf7-id=\"105\">\n<div class=\"screen-reader-response\"><p role=\"status\" aria-live=\"polite\" aria-atomic=\"true\"><\/p> <ul><\/ul><\/div>\n<form action=\"\/worde\/wp-json\/wp\/v2\/pages\/102#wpcf7-f105-o1\" method=\"post\" class=\"wpcf7-form init\" aria-label=\"Formulaire de contact\" novalidate=\"novalidate\" data-status=\"init\">\n<fieldset class=\"hidden-fields-container\"><input type=\"hidden\" name=\"_wpcf7\" value=\"105\" \/><input type=\"hidden\" name=\"_wpcf7_version\" value=\"6.1.3\" \/><input type=\"hidden\" name=\"_wpcf7_locale\" value=\"fr_FR\" \/><input type=\"hidden\" name=\"_wpcf7_unit_tag\" value=\"wpcf7-f105-o1\" \/><input type=\"hidden\" name=\"_wpcf7_container_post\" value=\"0\" \/><input type=\"hidden\" name=\"_wpcf7_posted_data_hash\" value=\"\" \/>\n<\/fieldset>\n<p><label> Votre nom<br \/>\n<span class=\"wpcf7-form-control-wrap\" data-name=\"your-name\"><input size=\"40\" maxlength=\"400\" class=\"wpcf7-form-control wpcf7-text wpcf7-validates-as-required\" autocomplete=\"name\" aria-required=\"true\" aria-invalid=\"false\" value=\"\" type=\"text\" name=\"your-name\" \/><\/span> <\/label>\n<\/p>\n<p><label> Votre e-mail<br \/>\n<span class=\"wpcf7-form-control-wrap\" data-name=\"your-email\"><input size=\"40\" maxlength=\"400\" class=\"wpcf7-form-control wpcf7-email wpcf7-validates-as-required wpcf7-text wpcf7-validates-as-email\" autocomplete=\"email\" aria-required=\"true\" aria-invalid=\"false\" value=\"\" type=\"email\" name=\"your-email\" \/><\/span> <\/label>\n<\/p>\n<p><label> Objet<br \/>\n<span class=\"wpcf7-form-control-wrap\" data-name=\"your-subject\"><input size=\"40\" maxlength=\"400\" class=\"wpcf7-form-control wpcf7-text wpcf7-validates-as-required\" aria-required=\"true\" aria-invalid=\"false\" value=\"\" type=\"text\" name=\"your-subject\" \/><\/span> <\/label>\n<\/p>\n<p><label> Votre message (facultatif)<br \/>\n<span class=\"wpcf7-form-control-wrap\" data-name=\"your-message\"><textarea cols=\"40\" rows=\"10\" maxlength=\"2000\" class=\"wpcf7-form-control wpcf7-textarea\" aria-invalid=\"false\" name=\"your-message\"><\/textarea><\/span> <\/label>\n<\/p>\n<p><input class=\"wpcf7-form-control wpcf7-submit has-spinner\" type=\"submit\" value=\"Envoyer\" \/>\n<\/p><div class=\"wpcf7-response-output\" aria-hidden=\"true\"><\/div>\n<\/form>\n<\/div>\n\n\n\n\n<p><br><\/p>\n\n\n\n<div class=\"wp-block-columns is-layout-flex wp-container-core-columns-is-layout-28f84493 wp-block-columns-is-layout-flex\">\n<div class=\"wp-block-column is-layout-flow wp-block-column-is-layout-flow\"><\/div>\n\n\n\n<div class=\"wp-block-column is-layout-flow wp-block-column-is-layout-flow\"><\/div>\n<\/div>\n\n\n\n<div class=\"wp-block-columns is-layout-flex wp-container-core-columns-is-layout-28f84493 wp-block-columns-is-layout-flex\">\n<div class=\"wp-block-column is-layout-flow wp-block-column-is-layout-flow\">\n<p><strong>COORDONN\u00c9ES :<\/strong><\/p>\n<\/div>\n\n\n\n<div class=\"wp-block-column is-layout-flow wp-block-column-is-layout-flow\">\n<p><strong>R\u00c9SEAUX :<\/strong><\/p>\n<\/div>\n<\/div>\n\n\n\n<div class=\"wp-block-columns is-layout-flex wp-container-core-columns-is-layout-28f84493 wp-block-columns-is-layout-flex\">\n<div class=\"wp-block-column is-layout-flow wp-block-column-is-layout-flow\">\n<p>12 rue des Tilleuls, 75011 Paris<br>+33 1 45 67 89 12<br><a>contact@lunea-cosmetiques.fr<\/a><\/p>\n<\/div>\n\n\n\n<div class=\"wp-block-column is-layout-flow wp-block-column-is-layout-flow\">\n<p><strong>Instagram\u00a0<\/strong>\u2013 @lunea_cosmetiques<br><strong>Facebook\u00a0<\/strong>\u2013 Lun\u00e9a Cosm\u00e9tiques<\/p>\n<\/div>\n<\/div>\n","protected":false},"excerpt":{"rendered":"<p>CONTACT Une question, un conseil, ou simplement envie de nous dire bonjour ?Notre \u00e9quipe est \u00e0 votre \u00e9coute du lundi au vendredi, de 9h \u00e0 17h.Remplissez le formulaire ci-dessous, et nous reviendrons vers vous d\u00e8s que possible. COORDONN\u00c9ES : R\u00c9SEAUX : 12 rue des Tilleuls, 75011 Paris+33 1 45 67 89 12contact@lunea-cosmetiques.fr Instagram\u00a0\u2013 @lunea_cosmetiquesFacebook\u00a0\u2013 Lun\u00e9a [&hellip;]<\/p>\n","protected":false},"author":1,"featured_media":0,"parent":0,"menu_order":0,"comment_status":"closed","ping_status":"closed","template":"","meta":{"site-sidebar-layout":"default","site-content-layout":"","ast-site-content-layout":"default","site-content-style":"default","site-sidebar-style":"default","ast-global-header-display":"","ast-banner-title-visibility":"","ast-main-header-display":"","ast-hfb-above-header-display":"","ast-hfb-below-header-display":"","ast-hfb-mobile-header-display":"","site-post-title":"","ast-breadcrumbs-content":"","ast-featured-img":"","footer-sml-layout":"","theme-transparent-header-meta":"","adv-header-id-meta":"","stick-header-meta":"","header-above-stick-meta":"","header-main-stick-meta":"","header-below-stick-meta":"","astra-migrate-meta-layouts":"default","ast-page-background-enabled":"default","ast-page-background-meta":{"desktop":{"background-color":"","background-image":"","background-repeat":"repeat","background-position":"center center","background-size":"auto","background-attachment":"scroll","background-type":"","background-media":"","overlay-type":"","overlay-color":"","overlay-opacity":"","overlay-gradient":""},"tablet":{"background-color":"","background-image":"","background-repeat":"repeat","background-position":"center center","background-size":"auto","background-attachment":"scroll","background-type":"","background-media":"","overlay-type":"","overlay-color":"","overlay-opacity":"","overlay-gradient":""},"mobile":{"background-color":"","background-image":"","background-repeat":"repeat","background-position":"center center","background-size":"auto","background-attachment":"scroll","background-type":"","background-media":"","overlay-type":"","overlay-color":"","overlay-opacity":"","overlay-gradient":""}},"ast-content-background-meta":{"desktop":{"background-color":"var(--ast-global-color-5)","background-image":"","background-repeat":"repeat","background-position":"center center","background-size":"auto","background-attachment":"scroll","background-type":"","background-media":"","overlay-type":"","overlay-color":"","overlay-opacity":"","overlay-gradient":""},"tablet":{"background-color":"var(--ast-global-color-5)","background-image":"","background-repeat":"repeat","background-position":"center center","background-size":"auto","background-attachment":"scroll","background-type":"","background-media":"","overlay-type":"","overlay-color":"","overlay-opacity":"","overlay-gradient":""},"mobile":{"background-color":"var(--ast-global-color-5)","background-image":"","background-repeat":"repeat","background-position":"center center","background-size":"auto","background-attachment":"scroll","background-type":"","background-media":"","overlay-type":"","overlay-color":"","overlay-opacity":"","overlay-gradient":""}},"footnotes":""},"class_list":["post-102","page","type-page","status-publish","hentry"],"yoast_head":"<!-- This site is optimized with the Yoast SEO plugin v26.3 - https:\/\/yoast.com\/wordpress\/plugins\/seo\/ -->\n<title>contact - Lun\u00e9a Cosm\u00e9tiques<\/title>\n<meta name=\"robots\" content=\"index, follow, max-snippet:-1, max-image-preview:large, max-video-preview:-1\" \/>\n<link rel=\"canonical\" href=\"http:\/\/eartsupp.j-j.fr\/worde\/contact\/\" \/>\n<meta property=\"og:locale\" content=\"fr_FR\" \/>\n<meta property=\"og:type\" content=\"article\" \/>\n<meta property=\"og:title\" content=\"contact - Lun\u00e9a Cosm\u00e9tiques\" \/>\n<meta property=\"og:description\" content=\"CONTACT Une question, un conseil, ou simplement envie de nous dire bonjour ?Notre \u00e9quipe est \u00e0 votre \u00e9coute du lundi au vendredi, de 9h \u00e0 17h.Remplissez le formulaire ci-dessous, et nous reviendrons vers vous d\u00e8s que possible. COORDONN\u00c9ES : R\u00c9SEAUX : 12 rue des Tilleuls, 75011 Paris+33 1 45 67 89 12contact@lunea-cosmetiques.fr Instagram\u00a0\u2013 @lunea_cosmetiquesFacebook\u00a0\u2013 Lun\u00e9a [&hellip;]\" \/>\n<meta property=\"og:url\" content=\"http:\/\/eartsupp.j-j.fr\/worde\/contact\/\" \/>\n<meta property=\"og:site_name\" content=\"Lun\u00e9a Cosm\u00e9tiques\" \/>\n<meta property=\"article:modified_time\" content=\"2025-11-13T15:01:13+00:00\" \/>\n<meta name=\"twitter:card\" content=\"summary_large_image\" \/>\n<script type=\"application\/ld+json\" class=\"yoast-schema-graph\">{\"@context\":\"https:\/\/schema.org\",\"@graph\":[{\"@type\":\"WebPage\",\"@id\":\"http:\/\/eartsupp.j-j.fr\/worde\/contact\/\",\"url\":\"http:\/\/eartsupp.j-j.fr\/worde\/contact\/\",\"name\":\"contact - Lun\u00e9a Cosm\u00e9tiques\",\"isPartOf\":{\"@id\":\"https:\/\/eartsupp.j-j.fr\/worde\/#website\"},\"datePublished\":\"2025-11-13T14:50:17+00:00\",\"dateModified\":\"2025-11-13T15:01:13+00:00\",\"breadcrumb\":{\"@id\":\"http:\/\/eartsupp.j-j.fr\/worde\/contact\/#breadcrumb\"},\"inLanguage\":\"fr-FR\",\"potentialAction\":[{\"@type\":\"ReadAction\",\"target\":[\"http:\/\/eartsupp.j-j.fr\/worde\/contact\/\"]}]},{\"@type\":\"BreadcrumbList\",\"@id\":\"http:\/\/eartsupp.j-j.fr\/worde\/contact\/#breadcrumb\",\"itemListElement\":[{\"@type\":\"ListItem\",\"position\":1,\"name\":\"Accueil\",\"item\":\"https:\/\/eartsupp.j-j.fr\/worde\/\"},{\"@type\":\"ListItem\",\"position\":2,\"name\":\"contact\"}]},{\"@type\":\"WebSite\",\"@id\":\"https:\/\/eartsupp.j-j.fr\/worde\/#website\",\"url\":\"https:\/\/eartsupp.j-j.fr\/worde\/\",\"name\":\"Lun\u00e9a Cosm\u00e9tiques\",\"description\":\"site de cosm\u00e9tique \",\"publisher\":{\"@id\":\"https:\/\/eartsupp.j-j.fr\/worde\/#organization\"},\"potentialAction\":[{\"@type\":\"SearchAction\",\"target\":{\"@type\":\"EntryPoint\",\"urlTemplate\":\"https:\/\/eartsupp.j-j.fr\/worde\/?s={search_term_string}\"},\"query-input\":{\"@type\":\"PropertyValueSpecification\",\"valueRequired\":true,\"valueName\":\"search_term_string\"}}],\"inLanguage\":\"fr-FR\"},{\"@type\":\"Organization\",\"@id\":\"https:\/\/eartsupp.j-j.fr\/worde\/#organization\",\"name\":\"Lun\u00e9a Cosm\u00e9tiques\",\"url\":\"https:\/\/eartsupp.j-j.fr\/worde\/\",\"logo\":{\"@type\":\"ImageObject\",\"inLanguage\":\"fr-FR\",\"@id\":\"https:\/\/eartsupp.j-j.fr\/worde\/#\/schema\/logo\/image\/\",\"url\":\"https:\/\/eartsupp.j-j.fr\/worde\/wp-content\/uploads\/2018\/10\/logo-free-img.png\",\"contentUrl\":\"https:\/\/eartsupp.j-j.fr\/worde\/wp-content\/uploads\/2018\/10\/logo-free-img.png\",\"width\":180,\"height\":60,\"caption\":\"Lun\u00e9a Cosm\u00e9tiques\"},\"image\":{\"@id\":\"https:\/\/eartsupp.j-j.fr\/worde\/#\/schema\/logo\/image\/\"}}]}<\/script>\n<!-- \/ Yoast SEO plugin. -->","yoast_head_json":{"title":"contact - Lun\u00e9a Cosm\u00e9tiques","robots":{"index":"index","follow":"follow","max-snippet":"max-snippet:-1","max-image-preview":"max-image-preview:large","max-video-preview":"max-video-preview:-1"},"canonical":"http:\/\/eartsupp.j-j.fr\/worde\/contact\/","og_locale":"fr_FR","og_type":"article","og_title":"contact - Lun\u00e9a Cosm\u00e9tiques","og_description":"CONTACT Une question, un conseil, ou simplement envie de nous dire bonjour ?Notre \u00e9quipe est \u00e0 votre \u00e9coute du lundi au vendredi, de 9h \u00e0 17h.Remplissez le formulaire ci-dessous, et nous reviendrons vers vous d\u00e8s que possible. COORDONN\u00c9ES : R\u00c9SEAUX : 12 rue des Tilleuls, 75011 Paris+33 1 45 67 89 12contact@lunea-cosmetiques.fr Instagram\u00a0\u2013 @lunea_cosmetiquesFacebook\u00a0\u2013 Lun\u00e9a [&hellip;]","og_url":"http:\/\/eartsupp.j-j.fr\/worde\/contact\/","og_site_name":"Lun\u00e9a Cosm\u00e9tiques","article_modified_time":"2025-11-13T15:01:13+00:00","twitter_card":"summary_large_image","schema":{"@context":"https:\/\/schema.org","@graph":[{"@type":"WebPage","@id":"http:\/\/eartsupp.j-j.fr\/worde\/contact\/","url":"http:\/\/eartsupp.j-j.fr\/worde\/contact\/","name":"contact - Lun\u00e9a Cosm\u00e9tiques","isPartOf":{"@id":"https:\/\/eartsupp.j-j.fr\/worde\/#website"},"datePublished":"2025-11-13T14:50:17+00:00","dateModified":"2025-11-13T15:01:13+00:00","breadcrumb":{"@id":"http:\/\/eartsupp.j-j.fr\/worde\/contact\/#breadcrumb"},"inLanguage":"fr-FR","potentialAction":[{"@type":"ReadAction","target":["http:\/\/eartsupp.j-j.fr\/worde\/contact\/"]}]},{"@type":"BreadcrumbList","@id":"http:\/\/eartsupp.j-j.fr\/worde\/contact\/#breadcrumb","itemListElement":[{"@type":"ListItem","position":1,"name":"Accueil","item":"https:\/\/eartsupp.j-j.fr\/worde\/"},{"@type":"ListItem","position":2,"name":"contact"}]},{"@type":"WebSite","@id":"https:\/\/eartsupp.j-j.fr\/worde\/#website","url":"https:\/\/eartsupp.j-j.fr\/worde\/","name":"Lun\u00e9a Cosm\u00e9tiques","description":"site de cosm\u00e9tique ","publisher":{"@id":"https:\/\/eartsupp.j-j.fr\/worde\/#organization"},"potentialAction":[{"@type":"SearchAction","target":{"@type":"EntryPoint","urlTemplate":"https:\/\/eartsupp.j-j.fr\/worde\/?s={search_term_string}"},"query-input":{"@type":"PropertyValueSpecification","valueRequired":true,"valueName":"search_term_string"}}],"inLanguage":"fr-FR"},{"@type":"Organization","@id":"https:\/\/eartsupp.j-j.fr\/worde\/#organization","name":"Lun\u00e9a Cosm\u00e9tiques","url":"https:\/\/eartsupp.j-j.fr\/worde\/","logo":{"@type":"ImageObject","inLanguage":"fr-FR","@id":"https:\/\/eartsupp.j-j.fr\/worde\/#\/schema\/logo\/image\/","url":"https:\/\/eartsupp.j-j.fr\/worde\/wp-content\/uploads\/2018\/10\/logo-free-img.png","contentUrl":"https:\/\/eartsupp.j-j.fr\/worde\/wp-content\/uploads\/2018\/10\/logo-free-img.png","width":180,"height":60,"caption":"Lun\u00e9a Cosm\u00e9tiques"},"image":{"@id":"https:\/\/eartsupp.j-j.fr\/worde\/#\/schema\/logo\/image\/"}}]}},"_links":{"self":[{"href":"https:\/\/eartsupp.j-j.fr\/worde\/wp-json\/wp\/v2\/pages\/102","targetHints":{"allow":["GET"]}}],"collection":[{"href":"https:\/\/eartsupp.j-j.fr\/worde\/wp-json\/wp\/v2\/pages"}],"about":[{"href":"https:\/\/eartsupp.j-j.fr\/worde\/wp-json\/wp\/v2\/types\/page"}],"author":[{"embeddable":true,"href":"https:\/\/eartsupp.j-j.fr\/worde\/wp-json\/wp\/v2\/users\/1"}],"replies":[{"embeddable":true,"href":"https:\/\/eartsupp.j-j.fr\/worde\/wp-json\/wp\/v2\/comments?post=102"}],"version-history":[{"count":5,"href":"https:\/\/eartsupp.j-j.fr\/worde\/wp-json\/wp\/v2\/pages\/102\/revisions"}],"predecessor-version":[{"id":110,"href":"https:\/\/eartsupp.j-j.fr\/worde\/wp-json\/wp\/v2\/pages\/102\/revisions\/110"}],"wp:attachment":[{"href":"https:\/\/eartsupp.j-j.fr\/worde\/wp-json\/wp\/v2\/media?parent=102"}],"curies":[{"name":"wp","href":"https:\/\/api.w.org\/{rel}","templated":true}]}}