{"id":117,"date":"2025-11-20T14:33:13","date_gmt":"2025-11-20T13:33:13","guid":{"rendered":"http:\/\/eartsupp.j-j.fr\/worde\/117-2\/"},"modified":"2025-11-20T14:33:13","modified_gmt":"2025-11-20T13:33:13","slug":"117-2","status":"publish","type":"page","link":"https:\/\/eartsupp.j-j.fr\/worde\/117-2\/","title":{"rendered":""},"content":{"rendered":"\n","protected":false},"excerpt":{"rendered":"","protected":false},"author":1,"featured_media":0,"parent":0,"menu_order":0,"comment_status":"closed","ping_status":"closed","template":"","meta":{"site-sidebar-layout":"default","site-content-layout":"","ast-site-content-layout":"default","site-content-style":"default","site-sidebar-style":"default","ast-global-header-display":"","ast-banner-title-visibility":"","ast-main-header-display":"","ast-hfb-above-header-display":"","ast-hfb-below-header-display":"","ast-hfb-mobile-header-display":"","site-post-title":"","ast-breadcrumbs-content":"","ast-featured-img":"","footer-sml-layout":"","theme-transparent-header-meta":"","adv-header-id-meta":"","stick-header-meta":"","header-above-stick-meta":"","header-main-stick-meta":"","header-below-stick-meta":"","astra-migrate-meta-layouts":"default","ast-page-background-enabled":"default","ast-page-background-meta":{"desktop":{"background-color":"","background-image":"","background-repeat":"repeat","background-position":"center center","background-size":"auto","background-attachment":"scroll","background-type":"","background-media":"","overlay-type":"","overlay-color":"","overlay-opacity":"","overlay-gradient":""},"tablet":{"background-color":"","background-image":"","background-repeat":"repeat","background-position":"center center","background-size":"auto","background-attachment":"scroll","background-type":"","background-media":"","overlay-type":"","overlay-color":"","overlay-opacity":"","overlay-gradient":""},"mobile":{"background-color":"","background-image":"","background-repeat":"repeat","background-position":"center center","background-size":"auto","background-attachment":"scroll","background-type":"","background-media":"","overlay-type":"","overlay-color":"","overlay-opacity":"","overlay-gradient":""}},"ast-content-background-meta":{"desktop":{"background-color":"var(--ast-global-color-5)","background-image":"","background-repeat":"repeat","background-position":"center center","background-size":"auto","background-attachment":"scroll","background-type":"","background-media":"","overlay-type":"","overlay-color":"","overlay-opacity":"","overlay-gradient":""},"tablet":{"background-color":"var(--ast-global-color-5)","background-image":"","background-repeat":"repeat","background-position":"center center","background-size":"auto","background-attachment":"scroll","background-type":"","background-media":"","overlay-type":"","overlay-color":"","overlay-opacity":"","overlay-gradient":""},"mobile":{"background-color":"var(--ast-global-color-5)","background-image":"","background-repeat":"repeat","background-position":"center center","background-size":"auto","background-attachment":"scroll","background-type":"","background-media":"","overlay-type":"","overlay-color":"","overlay-opacity":"","overlay-gradient":""}},"footnotes":""},"class_list":["post-117","page","type-page","status-publish","hentry"],"yoast_head":"<!-- This site is optimized with the Yoast SEO plugin v26.3 - https:\/\/yoast.com\/wordpress\/plugins\/seo\/ -->\n<title>- Lun\u00e9a Cosm\u00e9tiques<\/title>\n<meta name=\"robots\" content=\"index, follow, max-snippet:-1, max-image-preview:large, max-video-preview:-1\" \/>\n<link rel=\"canonical\" href=\"https:\/\/eartsupp.j-j.fr\/worde\/117-2\/\" \/>\n<meta property=\"og:locale\" content=\"fr_FR\" \/>\n<meta property=\"og:type\" content=\"article\" \/>\n<meta property=\"og:title\" content=\"- Lun\u00e9a Cosm\u00e9tiques\" \/>\n<meta property=\"og:url\" content=\"https:\/\/eartsupp.j-j.fr\/worde\/117-2\/\" \/>\n<meta property=\"og:site_name\" content=\"Lun\u00e9a Cosm\u00e9tiques\" \/>\n<meta name=\"twitter:card\" content=\"summary_large_image\" \/>\n<script type=\"application\/ld+json\" class=\"yoast-schema-graph\">{\"@context\":\"https:\/\/schema.org\",\"@graph\":[{\"@type\":\"WebPage\",\"@id\":\"https:\/\/eartsupp.j-j.fr\/worde\/117-2\/\",\"url\":\"https:\/\/eartsupp.j-j.fr\/worde\/117-2\/\",\"name\":\"- Lun\u00e9a Cosm\u00e9tiques\",\"isPartOf\":{\"@id\":\"https:\/\/eartsupp.j-j.fr\/worde\/#website\"},\"datePublished\":\"2025-11-20T13:33:13+00:00\",\"inLanguage\":\"fr-FR\",\"potentialAction\":[{\"@type\":\"ReadAction\",\"target\":[\"https:\/\/eartsupp.j-j.fr\/worde\/117-2\/\"]}]},{\"@type\":\"WebSite\",\"@id\":\"https:\/\/eartsupp.j-j.fr\/worde\/#website\",\"url\":\"https:\/\/eartsupp.j-j.fr\/worde\/\",\"name\":\"Lun\u00e9a Cosm\u00e9tiques\",\"description\":\"site de cosm\u00e9tique \",\"publisher\":{\"@id\":\"https:\/\/eartsupp.j-j.fr\/worde\/#organization\"},\"potentialAction\":[{\"@type\":\"SearchAction\",\"target\":{\"@type\":\"EntryPoint\",\"urlTemplate\":\"https:\/\/eartsupp.j-j.fr\/worde\/?s={search_term_string}\"},\"query-input\":{\"@type\":\"PropertyValueSpecification\",\"valueRequired\":true,\"valueName\":\"search_term_string\"}}],\"inLanguage\":\"fr-FR\"},{\"@type\":\"Organization\",\"@id\":\"https:\/\/eartsupp.j-j.fr\/worde\/#organization\",\"name\":\"Lun\u00e9a Cosm\u00e9tiques\",\"url\":\"https:\/\/eartsupp.j-j.fr\/worde\/\",\"logo\":{\"@type\":\"ImageObject\",\"inLanguage\":\"fr-FR\",\"@id\":\"https:\/\/eartsupp.j-j.fr\/worde\/#\/schema\/logo\/image\/\",\"url\":\"https:\/\/eartsupp.j-j.fr\/worde\/wp-content\/uploads\/2018\/10\/logo-free-img.png\",\"contentUrl\":\"https:\/\/eartsupp.j-j.fr\/worde\/wp-content\/uploads\/2018\/10\/logo-free-img.png\",\"width\":180,\"height\":60,\"caption\":\"Lun\u00e9a Cosm\u00e9tiques\"},\"image\":{\"@id\":\"https:\/\/eartsupp.j-j.fr\/worde\/#\/schema\/logo\/image\/\"}}]}<\/script>\n<!-- \/ Yoast SEO plugin. -->","yoast_head_json":{"title":"- Lun\u00e9a Cosm\u00e9tiques","robots":{"index":"index","follow":"follow","max-snippet":"max-snippet:-1","max-image-preview":"max-image-preview:large","max-video-preview":"max-video-preview:-1"},"canonical":"https:\/\/eartsupp.j-j.fr\/worde\/117-2\/","og_locale":"fr_FR","og_type":"article","og_title":"- Lun\u00e9a Cosm\u00e9tiques","og_url":"https:\/\/eartsupp.j-j.fr\/worde\/117-2\/","og_site_name":"Lun\u00e9a Cosm\u00e9tiques","twitter_card":"summary_large_image","schema":{"@context":"https:\/\/schema.org","@graph":[{"@type":"WebPage","@id":"https:\/\/eartsupp.j-j.fr\/worde\/117-2\/","url":"https:\/\/eartsupp.j-j.fr\/worde\/117-2\/","name":"- Lun\u00e9a Cosm\u00e9tiques","isPartOf":{"@id":"https:\/\/eartsupp.j-j.fr\/worde\/#website"},"datePublished":"2025-11-20T13:33:13+00:00","inLanguage":"fr-FR","potentialAction":[{"@type":"ReadAction","target":["https:\/\/eartsupp.j-j.fr\/worde\/117-2\/"]}]},{"@type":"WebSite","@id":"https:\/\/eartsupp.j-j.fr\/worde\/#website","url":"https:\/\/eartsupp.j-j.fr\/worde\/","name":"Lun\u00e9a Cosm\u00e9tiques","description":"site de cosm\u00e9tique ","publisher":{"@id":"https:\/\/eartsupp.j-j.fr\/worde\/#organization"},"potentialAction":[{"@type":"SearchAction","target":{"@type":"EntryPoint","urlTemplate":"https:\/\/eartsupp.j-j.fr\/worde\/?s={search_term_string}"},"query-input":{"@type":"PropertyValueSpecification","valueRequired":true,"valueName":"search_term_string"}}],"inLanguage":"fr-FR"},{"@type":"Organization","@id":"https:\/\/eartsupp.j-j.fr\/worde\/#organization","name":"Lun\u00e9a Cosm\u00e9tiques","url":"https:\/\/eartsupp.j-j.fr\/worde\/","logo":{"@type":"ImageObject","inLanguage":"fr-FR","@id":"https:\/\/eartsupp.j-j.fr\/worde\/#\/schema\/logo\/image\/","url":"https:\/\/eartsupp.j-j.fr\/worde\/wp-content\/uploads\/2018\/10\/logo-free-img.png","contentUrl":"https:\/\/eartsupp.j-j.fr\/worde\/wp-content\/uploads\/2018\/10\/logo-free-img.png","width":180,"height":60,"caption":"Lun\u00e9a Cosm\u00e9tiques"},"image":{"@id":"https:\/\/eartsupp.j-j.fr\/worde\/#\/schema\/logo\/image\/"}}]}},"_links":{"self":[{"href":"https:\/\/eartsupp.j-j.fr\/worde\/wp-json\/wp\/v2\/pages\/117","targetHints":{"allow":["GET"]}}],"collection":[{"href":"https:\/\/eartsupp.j-j.fr\/worde\/wp-json\/wp\/v2\/pages"}],"about":[{"href":"https:\/\/eartsupp.j-j.fr\/worde\/wp-json\/wp\/v2\/types\/page"}],"author":[{"embeddable":true,"href":"https:\/\/eartsupp.j-j.fr\/worde\/wp-json\/wp\/v2\/users\/1"}],"replies":[{"embeddable":true,"href":"https:\/\/eartsupp.j-j.fr\/worde\/wp-json\/wp\/v2\/comments?post=117"}],"version-history":[{"count":0,"href":"https:\/\/eartsupp.j-j.fr\/worde\/wp-json\/wp\/v2\/pages\/117\/revisions"}],"wp:attachment":[{"href":"https:\/\/eartsupp.j-j.fr\/worde\/wp-json\/wp\/v2\/media?parent=117"}],"curies":[{"name":"wp","href":"https:\/\/api.w.org\/{rel}","templated":true}]}}