{"id":59,"date":"2025-11-13T14:36:06","date_gmt":"2025-11-13T13:36:06","guid":{"rendered":"http:\/\/eartsupp.j-j.fr\/worde\/?page_id=59"},"modified":"2025-11-13T16:08:26","modified_gmt":"2025-11-13T15:08:26","slug":"acceuil","status":"publish","type":"page","link":"https:\/\/eartsupp.j-j.fr\/worde\/acceuil\/","title":{"rendered":"Acceuil"},"content":{"rendered":"<h2 class=\"wp-block-heading\">\n<h2 class=\"wp-block-heading\" style=\"color: rgb(0, 0, 0); margin: 120px auto; padding: 0px 0px 20px; line-height: 1.15; text-transform: uppercase; font-size: var(--size-huge); position: relative; font-family: BrutGrotest, sans-serif; white-space: normal;\">DES ENGAGEMENTS SIMPLES POUR UN PRODUIT PHARE<\/h2>\n<\/h2>\n\n\n<p>Chez&nbsp;<em>Lun\u00e9a Cosm\u00e9tiques<\/em>, nous croyons que la beaut\u00e9 na\u00eet de la simplicit\u00e9 et du respect \u2014 respect de la peau, de la plan\u00e8te, et du temps pour soi.<\/p>\n\n\n\n<p>Chaque ingr\u00e9dient est choisi avec soin, chaque formule test\u00e9e avec exigence. Nos soins sont pens\u00e9s pour sublimer sans masquer.<\/p>\n\n\n\n<div class=\"wp-block-buttons is-horizontal is-content-justification-center is-layout-flex wp-container-core-buttons-is-layout-03627597 wp-block-buttons-is-layout-flex\">\n<div class=\"wp-block-button\"><a class=\"wp-block-button__link has-text-align-center wp-element-button\" href=\"http:\/\/eartsupp.j-j.fr\/worde\/a-propos\/\">En savoir plus sur Lun\u00e9a<\/a><\/div>\n<\/div>\n\n\n\n<p><\/p>\n\n\n\n<figure class=\"wp-block-image size-large\"><img fetchpriority=\"high\" decoding=\"async\" width=\"1024\" height=\"682\" src=\"http:\/\/eartsupp.j-j.fr\/worde\/wp-content\/uploads\/2025\/11\/lunea_fond2-1024x682.png\" alt=\"Lunea Fond2 1024x682\" class=\"wp-image-80\" title=\"Acceuil\" srcset=\"https:\/\/eartsupp.j-j.fr\/worde\/wp-content\/uploads\/2025\/11\/lunea_fond2-1024x682.png 1024w, https:\/\/eartsupp.j-j.fr\/worde\/wp-content\/uploads\/2025\/11\/lunea_fond2-300x200.png 300w, https:\/\/eartsupp.j-j.fr\/worde\/wp-content\/uploads\/2025\/11\/lunea_fond2-768x512.png 768w, https:\/\/eartsupp.j-j.fr\/worde\/wp-content\/uploads\/2025\/11\/lunea_fond2.png 1300w\" sizes=\"(max-width: 1024px) 100vw, 1024px\" \/><figcaption class=\"wp-element-caption\"><em>Respirez et d\u00e9couvrez Lun\u00e9a<\/em><br><\/figcaption><\/figure>\n\n\n\n<h2 class=\"wp-block-heading\">NOS ENGAGEMENTS \u00c9CORESPONSABLES<br><br><\/h2>\n\n\n\n<div class=\"wp-block-columns is-layout-flex wp-container-core-columns-is-layout-28f84493 wp-block-columns-is-layout-flex\">\n<div class=\"wp-block-column is-layout-flow wp-block-column-is-layout-flow\">\n<h3 class=\"wp-block-heading has-text-align-center\">100 % FABRIQU\u00c9 EN FRANCE<\/h3>\n<\/div>\n\n\n\n<div class=\"wp-block-column is-layout-flow wp-block-column-is-layout-flow\">\n<h3 class=\"wp-block-heading has-text-align-center\">INGR\u00c9DIENTS D\u2019ORIGINE NATURELLE<\/h3>\n<\/div>\n\n\n\n<div class=\"wp-block-column is-layout-flow wp-block-column-is-layout-flow\">\n<h3 class=\"wp-block-heading has-text-align-center\">FLACONS RECYCLABLES<\/h3>\n<\/div>\n<\/div>\n\n\n\n<div class=\"wp-block-buttons is-layout-flex wp-block-buttons-is-layout-flex\">\n<div class=\"wp-block-button\"><a class=\"wp-block-button__link wp-element-button\" href=\"http:\/\/eartsupp.j-j.fr\/worde\/contact\/\">Nous contacter<\/a><\/div>\n<\/div>\n","protected":false},"excerpt":{"rendered":"<p>DES ENGAGEMENTS SIMPLES POUR UN PRODUIT PHARE Chez&nbsp;Lun\u00e9a Cosm\u00e9tiques, nous croyons que la beaut\u00e9 na\u00eet de la simplicit\u00e9 et du respect \u2014 respect de la peau, de la plan\u00e8te, et du temps pour soi. Chaque ingr\u00e9dient est choisi avec soin, chaque formule test\u00e9e avec exigence. Nos soins sont pens\u00e9s pour sublimer sans masquer. NOS ENGAGEMENTS [&hellip;]<\/p>\n","protected":false},"author":1,"featured_media":58,"parent":0,"menu_order":0,"comment_status":"closed","ping_status":"closed","template":"page-welcome.php","meta":{"site-sidebar-layout":"default","site-content-layout":"","ast-site-content-layout":"default","site-content-style":"default","site-sidebar-style":"default","ast-global-header-display":"","ast-banner-title-visibility":"","ast-main-header-display":"","ast-hfb-above-header-display":"","ast-hfb-below-header-display":"","ast-hfb-mobile-header-display":"","site-post-title":"","ast-breadcrumbs-content":"","ast-featured-img":"","footer-sml-layout":"","theme-transparent-header-meta":"","adv-header-id-meta":"","stick-header-meta":"","header-above-stick-meta":"","header-main-stick-meta":"","header-below-stick-meta":"","astra-migrate-meta-layouts":"default","ast-page-background-enabled":"default","ast-page-background-meta":{"desktop":{"background-color":"","background-image":"","background-repeat":"repeat","background-position":"center center","background-size":"auto","background-attachment":"scroll","background-type":"","background-media":"","overlay-type":"","overlay-color":"","overlay-opacity":"","overlay-gradient":""},"tablet":{"background-color":"","background-image":"","background-repeat":"repeat","background-position":"center center","background-size":"auto","background-attachment":"scroll","background-type":"","background-media":"","overlay-type":"","overlay-color":"","overlay-opacity":"","overlay-gradient":""},"mobile":{"background-color":"","background-image":"","background-repeat":"repeat","background-position":"center center","background-size":"auto","background-attachment":"scroll","background-type":"","background-media":"","overlay-type":"","overlay-color":"","overlay-opacity":"","overlay-gradient":""}},"ast-content-background-meta":{"desktop":{"background-color":"var(--ast-global-color-5)","background-image":"","background-repeat":"repeat","background-position":"center center","background-size":"auto","background-attachment":"scroll","background-type":"","background-media":"","overlay-type":"","overlay-color":"","overlay-opacity":"","overlay-gradient":""},"tablet":{"background-color":"var(--ast-global-color-5)","background-image":"","background-repeat":"repeat","background-position":"center center","background-size":"auto","background-attachment":"scroll","background-type":"","background-media":"","overlay-type":"","overlay-color":"","overlay-opacity":"","overlay-gradient":""},"mobile":{"background-color":"var(--ast-global-color-5)","background-image":"","background-repeat":"repeat","background-position":"center center","background-size":"auto","background-attachment":"scroll","background-type":"","background-media":"","overlay-type":"","overlay-color":"","overlay-opacity":"","overlay-gradient":""}},"footnotes":""},"class_list":["post-59","page","type-page","status-publish","has-post-thumbnail","hentry"],"yoast_head":"<!-- This site is optimized with the Yoast SEO plugin v26.3 - https:\/\/yoast.com\/wordpress\/plugins\/seo\/ -->\n<title>Acceuil - Lun\u00e9a Cosm\u00e9tiques<\/title>\n<meta name=\"robots\" content=\"index, follow, max-snippet:-1, max-image-preview:large, max-video-preview:-1\" \/>\n<link rel=\"canonical\" href=\"https:\/\/eartsupp.j-j.fr\/worde\/acceuil\/\" \/>\n<meta property=\"og:locale\" content=\"fr_FR\" \/>\n<meta property=\"og:type\" content=\"article\" \/>\n<meta property=\"og:title\" content=\"Acceuil - Lun\u00e9a Cosm\u00e9tiques\" \/>\n<meta property=\"og:description\" content=\"DES ENGAGEMENTS SIMPLES POUR UN PRODUIT PHARE Chez&nbsp;Lun\u00e9a Cosm\u00e9tiques, nous croyons que la beaut\u00e9 na\u00eet de la simplicit\u00e9 et du respect \u2014 respect de la peau, de la plan\u00e8te, et du temps pour soi. Chaque ingr\u00e9dient est choisi avec soin, chaque formule test\u00e9e avec exigence. Nos soins sont pens\u00e9s pour sublimer sans masquer. NOS ENGAGEMENTS [&hellip;]\" \/>\n<meta property=\"og:url\" content=\"https:\/\/eartsupp.j-j.fr\/worde\/acceuil\/\" \/>\n<meta property=\"og:site_name\" content=\"Lun\u00e9a Cosm\u00e9tiques\" \/>\n<meta property=\"article:modified_time\" content=\"2025-11-13T15:08:26+00:00\" \/>\n<meta property=\"og:image\" content=\"https:\/\/eartsupp.j-j.fr\/worde\/wp-content\/uploads\/2025\/11\/ChatGPT-Image-13-nov.-2025-10_17_00-1024x683.png\" \/>\n\t<meta property=\"og:image:width\" content=\"1024\" \/>\n\t<meta property=\"og:image:height\" content=\"683\" \/>\n\t<meta property=\"og:image:type\" content=\"image\/png\" \/>\n<meta name=\"twitter:card\" content=\"summary_large_image\" \/>\n<script type=\"application\/ld+json\" class=\"yoast-schema-graph\">{\"@context\":\"https:\/\/schema.org\",\"@graph\":[{\"@type\":\"WebPage\",\"@id\":\"https:\/\/eartsupp.j-j.fr\/worde\/acceuil\/\",\"url\":\"https:\/\/eartsupp.j-j.fr\/worde\/acceuil\/\",\"name\":\"Acceuil - Lun\u00e9a Cosm\u00e9tiques\",\"isPartOf\":{\"@id\":\"https:\/\/eartsupp.j-j.fr\/worde\/#website\"},\"primaryImageOfPage\":{\"@id\":\"https:\/\/eartsupp.j-j.fr\/worde\/acceuil\/#primaryimage\"},\"image\":{\"@id\":\"https:\/\/eartsupp.j-j.fr\/worde\/acceuil\/#primaryimage\"},\"thumbnailUrl\":\"https:\/\/eartsupp.j-j.fr\/worde\/wp-content\/uploads\/2025\/11\/ChatGPT-Image-13-nov.-2025-10_17_00.png\",\"datePublished\":\"2025-11-13T13:36:06+00:00\",\"dateModified\":\"2025-11-13T15:08:26+00:00\",\"breadcrumb\":{\"@id\":\"https:\/\/eartsupp.j-j.fr\/worde\/acceuil\/#breadcrumb\"},\"inLanguage\":\"fr-FR\",\"potentialAction\":[{\"@type\":\"ReadAction\",\"target\":[\"https:\/\/eartsupp.j-j.fr\/worde\/acceuil\/\"]}]},{\"@type\":\"ImageObject\",\"inLanguage\":\"fr-FR\",\"@id\":\"https:\/\/eartsupp.j-j.fr\/worde\/acceuil\/#primaryimage\",\"url\":\"https:\/\/eartsupp.j-j.fr\/worde\/wp-content\/uploads\/2025\/11\/ChatGPT-Image-13-nov.-2025-10_17_00.png\",\"contentUrl\":\"https:\/\/eartsupp.j-j.fr\/worde\/wp-content\/uploads\/2025\/11\/ChatGPT-Image-13-nov.-2025-10_17_00.png\",\"width\":1536,\"height\":1024},{\"@type\":\"BreadcrumbList\",\"@id\":\"https:\/\/eartsupp.j-j.fr\/worde\/acceuil\/#breadcrumb\",\"itemListElement\":[{\"@type\":\"ListItem\",\"position\":1,\"name\":\"Accueil\",\"item\":\"https:\/\/eartsupp.j-j.fr\/worde\/\"},{\"@type\":\"ListItem\",\"position\":2,\"name\":\"Acceuil\"}]},{\"@type\":\"WebSite\",\"@id\":\"https:\/\/eartsupp.j-j.fr\/worde\/#website\",\"url\":\"https:\/\/eartsupp.j-j.fr\/worde\/\",\"name\":\"Lun\u00e9a Cosm\u00e9tiques\",\"description\":\"site de cosm\u00e9tique \",\"publisher\":{\"@id\":\"https:\/\/eartsupp.j-j.fr\/worde\/#organization\"},\"potentialAction\":[{\"@type\":\"SearchAction\",\"target\":{\"@type\":\"EntryPoint\",\"urlTemplate\":\"https:\/\/eartsupp.j-j.fr\/worde\/?s={search_term_string}\"},\"query-input\":{\"@type\":\"PropertyValueSpecification\",\"valueRequired\":true,\"valueName\":\"search_term_string\"}}],\"inLanguage\":\"fr-FR\"},{\"@type\":\"Organization\",\"@id\":\"https:\/\/eartsupp.j-j.fr\/worde\/#organization\",\"name\":\"Lun\u00e9a Cosm\u00e9tiques\",\"url\":\"https:\/\/eartsupp.j-j.fr\/worde\/\",\"logo\":{\"@type\":\"ImageObject\",\"inLanguage\":\"fr-FR\",\"@id\":\"https:\/\/eartsupp.j-j.fr\/worde\/#\/schema\/logo\/image\/\",\"url\":\"https:\/\/eartsupp.j-j.fr\/worde\/wp-content\/uploads\/2018\/10\/logo-free-img.png\",\"contentUrl\":\"https:\/\/eartsupp.j-j.fr\/worde\/wp-content\/uploads\/2018\/10\/logo-free-img.png\",\"width\":180,\"height\":60,\"caption\":\"Lun\u00e9a Cosm\u00e9tiques\"},\"image\":{\"@id\":\"https:\/\/eartsupp.j-j.fr\/worde\/#\/schema\/logo\/image\/\"}}]}<\/script>\n<!-- \/ Yoast SEO plugin. -->","yoast_head_json":{"title":"Acceuil - Lun\u00e9a Cosm\u00e9tiques","robots":{"index":"index","follow":"follow","max-snippet":"max-snippet:-1","max-image-preview":"max-image-preview:large","max-video-preview":"max-video-preview:-1"},"canonical":"https:\/\/eartsupp.j-j.fr\/worde\/acceuil\/","og_locale":"fr_FR","og_type":"article","og_title":"Acceuil - Lun\u00e9a Cosm\u00e9tiques","og_description":"DES ENGAGEMENTS SIMPLES POUR UN PRODUIT PHARE Chez&nbsp;Lun\u00e9a Cosm\u00e9tiques, nous croyons que la beaut\u00e9 na\u00eet de la simplicit\u00e9 et du respect \u2014 respect de la peau, de la plan\u00e8te, et du temps pour soi. Chaque ingr\u00e9dient est choisi avec soin, chaque formule test\u00e9e avec exigence. Nos soins sont pens\u00e9s pour sublimer sans masquer. NOS ENGAGEMENTS [&hellip;]","og_url":"https:\/\/eartsupp.j-j.fr\/worde\/acceuil\/","og_site_name":"Lun\u00e9a Cosm\u00e9tiques","article_modified_time":"2025-11-13T15:08:26+00:00","og_image":[{"width":1024,"height":683,"url":"https:\/\/eartsupp.j-j.fr\/worde\/wp-content\/uploads\/2025\/11\/ChatGPT-Image-13-nov.-2025-10_17_00-1024x683.png","type":"image\/png"}],"twitter_card":"summary_large_image","schema":{"@context":"https:\/\/schema.org","@graph":[{"@type":"WebPage","@id":"https:\/\/eartsupp.j-j.fr\/worde\/acceuil\/","url":"https:\/\/eartsupp.j-j.fr\/worde\/acceuil\/","name":"Acceuil - Lun\u00e9a Cosm\u00e9tiques","isPartOf":{"@id":"https:\/\/eartsupp.j-j.fr\/worde\/#website"},"primaryImageOfPage":{"@id":"https:\/\/eartsupp.j-j.fr\/worde\/acceuil\/#primaryimage"},"image":{"@id":"https:\/\/eartsupp.j-j.fr\/worde\/acceuil\/#primaryimage"},"thumbnailUrl":"https:\/\/eartsupp.j-j.fr\/worde\/wp-content\/uploads\/2025\/11\/ChatGPT-Image-13-nov.-2025-10_17_00.png","datePublished":"2025-11-13T13:36:06+00:00","dateModified":"2025-11-13T15:08:26+00:00","breadcrumb":{"@id":"https:\/\/eartsupp.j-j.fr\/worde\/acceuil\/#breadcrumb"},"inLanguage":"fr-FR","potentialAction":[{"@type":"ReadAction","target":["https:\/\/eartsupp.j-j.fr\/worde\/acceuil\/"]}]},{"@type":"ImageObject","inLanguage":"fr-FR","@id":"https:\/\/eartsupp.j-j.fr\/worde\/acceuil\/#primaryimage","url":"https:\/\/eartsupp.j-j.fr\/worde\/wp-content\/uploads\/2025\/11\/ChatGPT-Image-13-nov.-2025-10_17_00.png","contentUrl":"https:\/\/eartsupp.j-j.fr\/worde\/wp-content\/uploads\/2025\/11\/ChatGPT-Image-13-nov.-2025-10_17_00.png","width":1536,"height":1024},{"@type":"BreadcrumbList","@id":"https:\/\/eartsupp.j-j.fr\/worde\/acceuil\/#breadcrumb","itemListElement":[{"@type":"ListItem","position":1,"name":"Accueil","item":"https:\/\/eartsupp.j-j.fr\/worde\/"},{"@type":"ListItem","position":2,"name":"Acceuil"}]},{"@type":"WebSite","@id":"https:\/\/eartsupp.j-j.fr\/worde\/#website","url":"https:\/\/eartsupp.j-j.fr\/worde\/","name":"Lun\u00e9a Cosm\u00e9tiques","description":"site de cosm\u00e9tique ","publisher":{"@id":"https:\/\/eartsupp.j-j.fr\/worde\/#organization"},"potentialAction":[{"@type":"SearchAction","target":{"@type":"EntryPoint","urlTemplate":"https:\/\/eartsupp.j-j.fr\/worde\/?s={search_term_string}"},"query-input":{"@type":"PropertyValueSpecification","valueRequired":true,"valueName":"search_term_string"}}],"inLanguage":"fr-FR"},{"@type":"Organization","@id":"https:\/\/eartsupp.j-j.fr\/worde\/#organization","name":"Lun\u00e9a Cosm\u00e9tiques","url":"https:\/\/eartsupp.j-j.fr\/worde\/","logo":{"@type":"ImageObject","inLanguage":"fr-FR","@id":"https:\/\/eartsupp.j-j.fr\/worde\/#\/schema\/logo\/image\/","url":"https:\/\/eartsupp.j-j.fr\/worde\/wp-content\/uploads\/2018\/10\/logo-free-img.png","contentUrl":"https:\/\/eartsupp.j-j.fr\/worde\/wp-content\/uploads\/2018\/10\/logo-free-img.png","width":180,"height":60,"caption":"Lun\u00e9a Cosm\u00e9tiques"},"image":{"@id":"https:\/\/eartsupp.j-j.fr\/worde\/#\/schema\/logo\/image\/"}}]}},"_links":{"self":[{"href":"https:\/\/eartsupp.j-j.fr\/worde\/wp-json\/wp\/v2\/pages\/59","targetHints":{"allow":["GET"]}}],"collection":[{"href":"https:\/\/eartsupp.j-j.fr\/worde\/wp-json\/wp\/v2\/pages"}],"about":[{"href":"https:\/\/eartsupp.j-j.fr\/worde\/wp-json\/wp\/v2\/types\/page"}],"author":[{"embeddable":true,"href":"https:\/\/eartsupp.j-j.fr\/worde\/wp-json\/wp\/v2\/users\/1"}],"replies":[{"embeddable":true,"href":"https:\/\/eartsupp.j-j.fr\/worde\/wp-json\/wp\/v2\/comments?post=59"}],"version-history":[{"count":11,"href":"https:\/\/eartsupp.j-j.fr\/worde\/wp-json\/wp\/v2\/pages\/59\/revisions"}],"predecessor-version":[{"id":115,"href":"https:\/\/eartsupp.j-j.fr\/worde\/wp-json\/wp\/v2\/pages\/59\/revisions\/115"}],"wp:featuredmedia":[{"embeddable":true,"href":"https:\/\/eartsupp.j-j.fr\/worde\/wp-json\/wp\/v2\/media\/58"}],"wp:attachment":[{"href":"https:\/\/eartsupp.j-j.fr\/worde\/wp-json\/wp\/v2\/media?parent=59"}],"curies":[{"name":"wp","href":"https:\/\/api.w.org\/{rel}","templated":true}]}}